{"id":43767,"date":"2024-10-02T20:07:25","date_gmt":"2024-10-02T16:07:25","guid":{"rendered":"https:\/\/drbeautyuae.com\/?post_type=product&#038;p=43767"},"modified":"2026-04-13T16:27:49","modified_gmt":"2026-04-13T12:27:49","slug":"perfect-bust-formula-75ml","status":"publish","type":"product","link":"https:\/\/www.drbeautyuae.com\/en\/product\/perfect-bust-formula-75ml\/","title":{"rendered":"Perfect Bust Formula 75ml"},"content":{"rendered":"\n<p>Highly-effective bust and d\u00e9collet\u00e9 firming concentrate. Enhances femininity and leaves the d\u00e9collet\u00e9 looking firm. Contains: Perfect Bust Complex, ESP (elastin-stimulating peptides), hyaluronic acid and macadamia oil.<\/p>\n\n\n\n<p>A well-formed neckline is the epitome of femininity. However, due to changing circumstances the bust area may be placed under particular strain. These include e.g. weight changes, the influence of the sun plus pregnancy and breast feeding. Perfect Bust Formula is a highly-effective lifting concentrate for emphasizing the femininity of the bust and neckline. With its velvety soft consistency, the lifting concentrate is rapidly absorbed into the skin and leaves the bust and neckline looking visibly lifted. With Perfect Bust complex consisting of mangosteen, quince and algae bioferment plus ESP (elastin-stimulating peptides), hyaluronic acid and macadamia oil.<\/p>\n\n\n\n<h3 class=\"wp-block-heading\">Usage<\/h3>\n\n\n\n<p>Distribute Perfect Bust Formula gently over the bust and neckline. Apply daily.<\/p>\n\n\n\n<p>Tip: Alternating showers promote metabolic activity in order to support and maintain the bust tissue. A bust workout intensifies the effect to achieve a lifted bust.<\/p>\n\n\n\n<h3 class=\"wp-block-heading\">Ingredients<\/h3>\n\n\n\n<p>\u2022 Perfect bust complex with scientifically proved studies; combination of three plant-based active substances.<\/p>\n\n\n\n<p>\u2022 ESP: Elastin-stimulating peptides; these structure the elastic tissue and ensure increased firmness<\/p>\n\n\n\n<p>\u2022 Short-chain hyaluronic acid: Low-molecular and biotechnologically obtained moisturizer with high moisture binding capacity, penetrates down to the lower layer of the epidermis and visibly \u201cpads\u201d it out, smoothes the skin and protects its moisture<\/p>\n\n\n\n<p>\u2022 Long-chain hyaluronic acid: High-molecular and biotechnologically obtained moisturizer with high moisture binding capacity, forms a smoothing film on the surface of the skin<\/p>\n\n\n\n<p>\u2022 Macadamia nut oil: Softening and skin-smoothing, rich in palmitoleic acid; palmitoleic acid enhances the oil&#8217;s ability to penetrate into the skin<\/p>\n","protected":false},"excerpt":{"rendered":"<p>Highly-effective bust and d\u00e9collet\u00e9 firming concentrate. Enhances femininity and leaves the d\u00e9collet\u00e9 looking firm. Contains: Perfect Bust Complex, ESP (elastin-stimulating<\/p>\n","protected":false},"featured_media":43768,"comment_status":"closed","ping_status":"closed","template":"","meta":{"_joinchat":[]},"product_brand":[],"product_cat":[92],"product_tag":[],"berocket_brand":[197],"class_list":{"0":"post-43767","1":"product","2":"type-product","3":"status-publish","4":"has-post-thumbnail","6":"product_cat-body-care","7":"berocket_brand-janssen-cosmetics","9":"first","10":"instock","11":"sale","12":"taxable","13":"shipping-taxable","14":"purchasable","15":"product-type-simple"},"jetpack_sharing_enabled":true,"_links":{"self":[{"href":"https:\/\/www.drbeautyuae.com\/en\/wp-json\/wp\/v2\/product\/43767","targetHints":{"allow":["GET"]}}],"collection":[{"href":"https:\/\/www.drbeautyuae.com\/en\/wp-json\/wp\/v2\/product"}],"about":[{"href":"https:\/\/www.drbeautyuae.com\/en\/wp-json\/wp\/v2\/types\/product"}],"replies":[{"embeddable":true,"href":"https:\/\/www.drbeautyuae.com\/en\/wp-json\/wp\/v2\/comments?post=43767"}],"version-history":[{"count":1,"href":"https:\/\/www.drbeautyuae.com\/en\/wp-json\/wp\/v2\/product\/43767\/revisions"}],"predecessor-version":[{"id":51921,"href":"https:\/\/www.drbeautyuae.com\/en\/wp-json\/wp\/v2\/product\/43767\/revisions\/51921"}],"wp:featuredmedia":[{"embeddable":true,"href":"https:\/\/www.drbeautyuae.com\/en\/wp-json\/wp\/v2\/media\/43768"}],"wp:attachment":[{"href":"https:\/\/www.drbeautyuae.com\/en\/wp-json\/wp\/v2\/media?parent=43767"}],"wp:term":[{"taxonomy":"product_brand","embeddable":true,"href":"https:\/\/www.drbeautyuae.com\/en\/wp-json\/wp\/v2\/product_brand?post=43767"},{"taxonomy":"product_cat","embeddable":true,"href":"https:\/\/www.drbeautyuae.com\/en\/wp-json\/wp\/v2\/product_cat?post=43767"},{"taxonomy":"product_tag","embeddable":true,"href":"https:\/\/www.drbeautyuae.com\/en\/wp-json\/wp\/v2\/product_tag?post=43767"},{"taxonomy":"berocket_brand","embeddable":true,"href":"https:\/\/www.drbeautyuae.com\/en\/wp-json\/wp\/v2\/berocket_brand?post=43767"}],"curies":[{"name":"wp","href":"https:\/\/api.w.org\/{rel}","templated":true}]}}